{"id":13,"date":"2022-01-25T19:02:25","date_gmt":"2022-01-25T18:02:25","guid":{"rendered":"http:\/\/www.amtc.si\/?page_id=13"},"modified":"2022-02-13T15:11:13","modified_gmt":"2022-02-13T15:11:13","slug":"o-nas","status":"publish","type":"page","link":"https:\/\/www.amtc.si\/index.php\/o-nas\/","title":{"rendered":"O nas"},"content":{"rendered":"\n<p>Podjetje AMTC Tehni\u010dni pregledi, prodaja in servisiranje vozil Izola d.o.o, je bilo ustanovljeno leta 2003, delovati pa je pri\u010delo leta 2004. Glavna dejavnost podjetja opravljanje tehni\u010dnih pregledov motornih in priklopnih vozil, storitve registracije, zavarovanj vozil in preverjanje skladnosti vozil.<br><br>Vizija podjetja je, postati najbolj kakovostno podjetje za opravljanje storitev tehni\u010dnih pregledov vozil. \u017deli postati podjetje, ki mu bodo stranke zaupale in se bodo vra\u010dale. Poslanstvo podjetja je nudenje kakovostnih in strokovnih pregledov vozil, skladnih s standardi, ter nudenje drugih kakovostnih storitev. <br><br>Svojo vizijo in poslanstvo ima podjetje tudi zapisano v aktih. V sodelovanju z drugimi ponudniki podjetje \u017ee danes omogo\u010da stranki, da tudi ostale spremljajo\u010de storitve opravi na enem mestu, v prihodnje pa \u017eeli te storitve \u0161e raz\u0161iriti. <br><br>Zaposleni svoje delo opravljajo hitro in u\u010dinkovito, z dodatnim usposabljanjem pa \u017eeli podjetje v prihodnje odnos do strank in strokovnost \u0161e nadgraditi.<br><\/p>\n\n\n\n<p><strong>AMTC TEHNI\u010cNI PREGLEDI, PRODAJA IN SERVISIRANJE D.O.O. IZOLA<\/strong><br>Industrijska cesta 4\/F Izola, 6310 Izola<br>Telefon: 05\/640 22 00<br>Email: info@amtc.si<br>Mati\u010dna \u0161tevilka: 1847015<br>Dav\u010dna \u0161tevilka: 80626467<br>\u0160tevilka vpisa v sodni register: 066\/10656900<br>TRR: 33000-0000422620 Addiko bank d.d.<\/p>\n","protected":false},"excerpt":{"rendered":"<p>Podjetje AMTC Tehni\u010dni pregledi, prodaja in servisiranje vozil Izola d.o.o, je bilo ustanovljeno leta 2003, delovati pa je pri\u010delo leta 2004. Glavna dejavnost podjetja opravljanje tehni\u010dnih pregledov motornih in priklopnih vozil, storitve registracije, zavarovanj vozil in preverjanje skladnosti vozil. Vizija podjetja je, postati najbolj kakovostno podjetje za opravljanje storitev tehni\u010dnih pregledov vozil. \u017deli postati podjetje, &hellip; <a href=\"https:\/\/www.amtc.si\/index.php\/o-nas\/\" class=\"more-link\">Continue reading<span class=\"screen-reader-text\"> &#8220;O nas&#8221;<\/span><\/a><\/p>\n","protected":false},"author":4,"featured_media":0,"parent":0,"menu_order":0,"comment_status":"closed","ping_status":"closed","template":"","meta":{"footnotes":""},"class_list":["post-13","page","type-page","status-publish","hentry"],"_links":{"self":[{"href":"https:\/\/www.amtc.si\/index.php\/wp-json\/wp\/v2\/pages\/13","targetHints":{"allow":["GET"]}}],"collection":[{"href":"https:\/\/www.amtc.si\/index.php\/wp-json\/wp\/v2\/pages"}],"about":[{"href":"https:\/\/www.amtc.si\/index.php\/wp-json\/wp\/v2\/types\/page"}],"author":[{"embeddable":true,"href":"https:\/\/www.amtc.si\/index.php\/wp-json\/wp\/v2\/users\/4"}],"replies":[{"embeddable":true,"href":"https:\/\/www.amtc.si\/index.php\/wp-json\/wp\/v2\/comments?post=13"}],"version-history":[{"count":3,"href":"https:\/\/www.amtc.si\/index.php\/wp-json\/wp\/v2\/pages\/13\/revisions"}],"predecessor-version":[{"id":139,"href":"https:\/\/www.amtc.si\/index.php\/wp-json\/wp\/v2\/pages\/13\/revisions\/139"}],"wp:attachment":[{"href":"https:\/\/www.amtc.si\/index.php\/wp-json\/wp\/v2\/media?parent=13"}],"curies":[{"name":"wp","href":"https:\/\/api.w.org\/{rel}","templated":true}]}}